{"id":42,"date":"2016-03-16T19:46:42","date_gmt":"2016-03-16T18:46:42","guid":{"rendered":"http:\/\/apelstemarie.com\/?page_id=42"},"modified":"2025-11-30T09:38:50","modified_gmt":"2025-11-30T14:38:50","slug":"conseil-dadministration","status":"publish","type":"page","link":"https:\/\/apelstemarie.com\/index.php\/conseil-dadministration\/","title":{"rendered":"Conseil d&rsquo;Administration"},"content":{"rendered":"\n<figure class=\"wp-block-image\"><img loading=\"lazy\" decoding=\"async\" width=\"300\" height=\"244\" src=\"http:\/\/apelstemarie.com\/wp-content\/uploads\/2016\/03\/meeting1-e1575489681935.jpg\" alt=\"\" class=\"wp-image-48\"\/><\/figure>\n\n\n<ul>\n<li>Brian Fahey, Pr\u00e9sident<\/li>\n<li>Sylvain Roy, Vice-pr\u00e9sident et Tr\u00e9sorier<\/li>\n<li>Sylvain Forget, Secr\u00e9taire<\/li>\n<li>Jean-Paul B\u00e9dard, Administrateur<\/li>\n<li>Josianne Machab\u00e9e, Administratrice<\/li>\n<li>Louise Martel, Administratrice<\/li>\n<li>Yves Th\u00e9rien, Administrateur<\/li>\n<li>Marie Desormeaux, Administratrice<\/li>\n<\/ul>\n<p><b>Si vous d\u00e9sirez vous joindre au Conseil d\u2019administration, SVP contacter Brian Fahey \u00e0 <a id=\"ext-gen56195\" href=\"mailto:info@apelstemarie.com\">info@apelstemarie.com<\/a><\/b><\/p>\n<p style=\"text-align: center;\">\u00a0<\/p>","protected":false},"excerpt":{"rendered":"<p>Brian Fahey, Pr\u00e9sident Sylvain Roy, Vice-pr\u00e9sident et Tr\u00e9sorier Sylvain Forget, Secr\u00e9taire Jean-Paul B\u00e9dard, Administrateur Josianne Machab\u00e9e, Administratrice Louise Martel, Administratrice Yves Th\u00e9rien, Administrateur Marie Desormeaux, Administratrice Si vous d\u00e9sirez vous joindre au Conseil d\u2019administration, SVP contacter Brian Fahey \u00e0 info@apelstemarie.com \u00a0<\/p>\n","protected":false},"author":1,"featured_media":0,"parent":0,"menu_order":0,"comment_status":"closed","ping_status":"closed","template":"","meta":{"footnotes":""},"class_list":["post-42","page","type-page","status-publish","hentry"],"_links":{"self":[{"href":"https:\/\/apelstemarie.com\/index.php\/wp-json\/wp\/v2\/pages\/42","targetHints":{"allow":["GET"]}}],"collection":[{"href":"https:\/\/apelstemarie.com\/index.php\/wp-json\/wp\/v2\/pages"}],"about":[{"href":"https:\/\/apelstemarie.com\/index.php\/wp-json\/wp\/v2\/types\/page"}],"author":[{"embeddable":true,"href":"https:\/\/apelstemarie.com\/index.php\/wp-json\/wp\/v2\/users\/1"}],"replies":[{"embeddable":true,"href":"https:\/\/apelstemarie.com\/index.php\/wp-json\/wp\/v2\/comments?post=42"}],"version-history":[{"count":18,"href":"https:\/\/apelstemarie.com\/index.php\/wp-json\/wp\/v2\/pages\/42\/revisions"}],"predecessor-version":[{"id":1020,"href":"https:\/\/apelstemarie.com\/index.php\/wp-json\/wp\/v2\/pages\/42\/revisions\/1020"}],"wp:attachment":[{"href":"https:\/\/apelstemarie.com\/index.php\/wp-json\/wp\/v2\/media?parent=42"}],"curies":[{"name":"wp","href":"https:\/\/api.w.org\/{rel}","templated":true}]}}