{"id":36,"date":"2016-03-16T19:37:26","date_gmt":"2016-03-16T18:37:26","guid":{"rendered":"http:\/\/apelstemarie.com\/?page_id=36"},"modified":"2025-12-09T11:31:31","modified_gmt":"2025-12-09T16:31:31","slug":"accueil","status":"publish","type":"page","link":"https:\/\/apelstemarie.com\/","title":{"rendered":"Accueil"},"content":{"rendered":"<p>L\u2019Association pour la Protection de l\u2019Environnement du Lac Sainte-Marie (APEL Ste-Marie) vous souhaite la bienvenue.<\/p>\n<p>Vous trouverez sur ce site, les plus r\u00e9cents d\u00e9veloppements relatifs \u00e0 votre association ainsi que des sujets d\u2019actualit\u00e9. Nous souhaitons partager avec vous les enjeux relatifs \u00e0 la protection de l\u2019environnement comme la prolif\u00e9ration des plantes aquatiques et le danger que certaines plantes envahissantes tel que\u00a0 le myriophylle \u00e0 \u00e9pi repr\u00e9sente pour nos activit\u00e9s, l\u2019\u00e9rosion des berges, le maintien de la qualit\u00e9 de l\u2019eau.\u00a0 Vous trouverez aussi les documents, \u00e9tudes et r\u00e9sultats qui inspirent nos futurs projets. N\u2019h\u00e9sitez pas \u00e0 les consulter et \u00e0 nous faire part de vos commentaires. Plusieurs liens vous donnent \u00e9galement acc\u00e8s \u00e0 diff\u00e9rentes informations fort int\u00e9ressantes.<\/p>\n<p>Nous avons un magnifique lac navigable que nous devons pr\u00e9server \u00e0 tout prix pour le plaisir de tous ses usagers. \u00c0 la rubrique <a href=\"https:\/\/apelstemarie.com\/index.php\/notre-lac\/\" target=\"_blank\" rel=\"noopener\">NOTRE LAC<\/a>, apprenez davantage sur ce coin de paradis situ\u00e9 \u00e0 Saint-Adolphe d&rsquo;Howard.<\/p>\n<div class=\"container\">\n<div class=\"services-wrapper row\" align=\"center\">\n<div class=\"one-fourth service column\">\n<p><a href=\"https:\/\/apelstemarie.com\/index.php\/conseil-dadministration\/\"><img loading=\"lazy\" decoding=\"async\" class=\"attachment-waves_recent_page_img wp-post-image aligncenter\" src=\"http:\/\/apelstemarie.com\/wp-content\/uploads\/2016\/03\/meeting1-150x150.jpg\" alt=\"meeting1\" width=\"150\" height=\"150\" \/><\/a><\/p>\n<h4><a href=\"https:\/\/apelstemarie.com\/index.php\/conseil-dadministration\/\" target=\"_blank\" rel=\"noopener\">Conseil d\u2019Administration<\/a><\/h4>\n<p>Brian Fahey (Pr\u00e9sident)<\/p>\n<p>Sylvain Roy (Vice-Pr\u00e9sident et Tr\u00e9sorier)<\/p>\n<p>Sylvain Forget (Secr\u00e9taire)<\/p>\n<p>Jean-Paul B\u00e9dard<\/p>\n<p>Josianne Machab\u00e9e<\/p>\n<p>Louise Martel<\/p>\n<p>Marie Desormeaux<\/p>\n<p>Yves Th\u00e9rien<\/p>\n<\/div>\n<div class=\"one-fourth service column\">\n<p><a href=\"https:\/\/apelstemarie.com\/index.php\/adhesion\/\"><img loading=\"lazy\" decoding=\"async\" class=\"aligncenter wp-image-201 size-thumbnail\" src=\"https:\/\/apelstemarie.com\/wp-content\/uploads\/2016\/03\/Icone_signature__2_-150x150.jpg\" alt=\"Basic RGB\" width=\"150\" height=\"150\" srcset=\"https:\/\/apelstemarie.com\/wp-content\/uploads\/2016\/03\/Icone_signature__2_-150x150.jpg 150w, https:\/\/apelstemarie.com\/wp-content\/uploads\/2016\/03\/Icone_signature__2_-100x100.jpg 100w\" sizes=\"auto, (max-width: 150px) 100vw, 150px\" \/><\/a><\/p>\n<h4><a href=\"https:\/\/apelstemarie.com\/index.php\/adhesion\/\" target=\"_blank\" rel=\"noopener\">Adh\u00e9sion<\/a><\/h4>\n<p>Votre cotisation est importante pour les suivis rigoureux de la sant\u00e9 du lac et des analyses requises.<\/p>\n<p>Un lac en sant\u00e9 prot\u00e8ge la valeur de vos propri\u00e9t\u00e9s.<\/p>\n<\/div>\n<div class=\"one-fourth service column\">\n<p>&nbsp;<\/p>\n<p>&nbsp;<\/p>\n<\/div>\n<\/div>\n<\/div>\n\n\n<p><\/p>\n","protected":false},"excerpt":{"rendered":"<p>L\u2019Association pour la Protection de l\u2019Environnement du Lac Sainte-Marie (APEL Ste-Marie) vous souhaite la bienvenue. Vous trouverez sur ce site, les plus r\u00e9cents d\u00e9veloppements relatifs \u00e0 votre association ainsi que des sujets d\u2019actualit\u00e9. Nous souhaitons partager avec vous les enjeux relatifs \u00e0 la protection de l\u2019environnement comme la prolif\u00e9ration des plantes aquatiques et le danger<\/p>\n","protected":false},"author":1,"featured_media":0,"parent":0,"menu_order":0,"comment_status":"closed","ping_status":"closed","template":"template-rightsidebar.php","meta":{"footnotes":""},"class_list":["post-36","page","type-page","status-publish","hentry"],"_links":{"self":[{"href":"https:\/\/apelstemarie.com\/index.php\/wp-json\/wp\/v2\/pages\/36","targetHints":{"allow":["GET"]}}],"collection":[{"href":"https:\/\/apelstemarie.com\/index.php\/wp-json\/wp\/v2\/pages"}],"about":[{"href":"https:\/\/apelstemarie.com\/index.php\/wp-json\/wp\/v2\/types\/page"}],"author":[{"embeddable":true,"href":"https:\/\/apelstemarie.com\/index.php\/wp-json\/wp\/v2\/users\/1"}],"replies":[{"embeddable":true,"href":"https:\/\/apelstemarie.com\/index.php\/wp-json\/wp\/v2\/comments?post=36"}],"version-history":[{"count":103,"href":"https:\/\/apelstemarie.com\/index.php\/wp-json\/wp\/v2\/pages\/36\/revisions"}],"predecessor-version":[{"id":1032,"href":"https:\/\/apelstemarie.com\/index.php\/wp-json\/wp\/v2\/pages\/36\/revisions\/1032"}],"wp:attachment":[{"href":"https:\/\/apelstemarie.com\/index.php\/wp-json\/wp\/v2\/media?parent=36"}],"curies":[{"name":"wp","href":"https:\/\/api.w.org\/{rel}","templated":true}]}}