{"id":34,"date":"2019-01-21T14:19:35","date_gmt":"2019-01-21T13:19:35","guid":{"rendered":"http:\/\/apelstemarie.com\/?page_id=34"},"modified":"2026-04-09T14:07:08","modified_gmt":"2026-04-09T19:07:08","slug":"bilan-sante-lac-ste-marie","status":"publish","type":"page","link":"https:\/\/apelstemarie.com\/index.php\/bilan-sante-lac-ste-marie\/","title":{"rendered":"Sant\u00e9 du lac"},"content":{"rendered":"<h4 style=\"text-align: center;\">Un lac en sant\u00e9 prot\u00e8ge la valeur de nos propri\u00e9t\u00e9s<\/h4>\n<p>L\u2019APEL Ste-Marie recueille aux mois de juin, juillet et ao\u00fbt (3 fois\/an) 2 \u00e9chantillons d\u2019eau, une \u00e0 la hauteur de la fosse du Lac Ste-Marie, secteur Ouest (station 339A) et une \u00e0 la hauteur de la fosse du Lac Ste-Marie, secteur Est (station 339B) (voir <a href=\"https:\/\/www.environnement.gouv.qc.ca\/eau\/rsvl\/relais\/rsvl_localisation.asp?no_lac_rsv=339\" target=\"_blank\" rel=\"noopener\">Localisation des stations<\/a>). Ces \u00e9chantillons sont envoy\u00e9s au Minist\u00e8re de l\u2019Environnement, de la Lutte aux Changements Climatiques, de la Faune et des Parcs (MELCCFP) dans le cadre du programme \u00ab\u00a0R\u00e9seau de Surveillance Volontaire des Lacs (RSVL)\u00a0\u00bb.<\/p>\n<p>Pour chaque station, les r\u00e9sultats sommaires sont publi\u00e9s annuellement sur le site du minist\u00e8re (<a href=\"https:\/\/www.environnement.gouv.qc.ca\/eau\/rsvl\/relais\/rsvl_details.asp?fiche=339\" target=\"_blank\" rel=\"noopener\">voir les r\u00e9sultats pour le lac Ste-Marie<\/a>).<\/p>\n<p>Afin d\u2019\u00e9tablir une tendance sous forme d&rsquo;un graphique par composante analys\u00e9e (ex. Phosphore Total), nous utilisons une moyenne mobile sur 3 ans des r\u00e9sultats annuels de la station A et B. L\u2019utilisation d\u2019une moyenne mobile permet d\u2019att\u00e9nuer\u00a0les disparit\u00e9s quelque fois importantes entre les diff\u00e9rents pr\u00e9l\u00e8vements dans l&rsquo;ann\u00e9e, entre les r\u00e9sultats des deux stations et entre les r\u00e9sultats d&rsquo;une ann\u00e9e \u00e0 l&rsquo;autre.<\/p>\n<p>Ces \u00e9carts peuvent s&rsquo;expliquer entre autres par des rejets d&rsquo;eaux us\u00e9es en dehors des normes par la municipalit\u00e9 dans les heures ou jours pr\u00e9c\u00e9dant le pr\u00e9l\u00e8vement (qui sont pour le Phosphore Total la majorit\u00e9 du temps en dehors de normes du MELCCFP), par la temp\u00e9rature de l&rsquo;eau, le niveau d\u2019ensoleillement, la force du vent et le nombre de bateaux sur le lac au moment du pr\u00e9l\u00e8vement et par les pluies plus ou moins fortes dans les jours pr\u00e9c\u00e9dant le pr\u00e9l\u00e8vement.\u00a0 Ces derniers \u00e9l\u00e9ments mentionn\u00e9s sont consid\u00e9r\u00e9s dans le choix du jour pour la prise d\u2019\u00e9chantillons.<\/p>\n<p>Voici les r\u00e9sultats pour le Prosphore total, le Chlorophylle \u03b1, le Carbone organique dissous et la Transparence de l\u2019eau :<\/p>\n\n\n<figure class=\"wp-block-image size-full\"><img loading=\"lazy\" decoding=\"async\" width=\"1023\" height=\"503\" src=\"https:\/\/apelstemarie.com\/wp-content\/uploads\/2026\/04\/image.png\" alt=\"\" class=\"wp-image-1039\" srcset=\"https:\/\/apelstemarie.com\/wp-content\/uploads\/2026\/04\/image.png 1023w, https:\/\/apelstemarie.com\/wp-content\/uploads\/2026\/04\/image-300x148.png 300w, https:\/\/apelstemarie.com\/wp-content\/uploads\/2026\/04\/image-768x378.png 768w, https:\/\/apelstemarie.com\/wp-content\/uploads\/2026\/04\/image-600x295.png 600w\" sizes=\"auto, (max-width: 1023px) 100vw, 1023px\" \/><\/figure>\n\n\n\n<figure class=\"wp-block-image size-full\"><img loading=\"lazy\" decoding=\"async\" width=\"1020\" height=\"502\" src=\"https:\/\/apelstemarie.com\/wp-content\/uploads\/2026\/04\/image-1.png\" alt=\"\" class=\"wp-image-1040\" srcset=\"https:\/\/apelstemarie.com\/wp-content\/uploads\/2026\/04\/image-1.png 1020w, https:\/\/apelstemarie.com\/wp-content\/uploads\/2026\/04\/image-1-300x148.png 300w, https:\/\/apelstemarie.com\/wp-content\/uploads\/2026\/04\/image-1-768x378.png 768w, https:\/\/apelstemarie.com\/wp-content\/uploads\/2026\/04\/image-1-600x295.png 600w\" sizes=\"auto, (max-width: 1020px) 100vw, 1020px\" \/><\/figure>\n\n\n\n<figure class=\"wp-block-image size-full\"><img loading=\"lazy\" decoding=\"async\" width=\"1018\" height=\"499\" src=\"https:\/\/apelstemarie.com\/wp-content\/uploads\/2026\/04\/image-2.png\" alt=\"\" class=\"wp-image-1042\" srcset=\"https:\/\/apelstemarie.com\/wp-content\/uploads\/2026\/04\/image-2.png 1018w, https:\/\/apelstemarie.com\/wp-content\/uploads\/2026\/04\/image-2-300x147.png 300w, https:\/\/apelstemarie.com\/wp-content\/uploads\/2026\/04\/image-2-768x376.png 768w, https:\/\/apelstemarie.com\/wp-content\/uploads\/2026\/04\/image-2-600x294.png 600w\" sizes=\"auto, (max-width: 1018px) 100vw, 1018px\" \/><\/figure>\n\n\n\n<figure class=\"wp-block-image size-full\"><img loading=\"lazy\" decoding=\"async\" width=\"1022\" height=\"493\" src=\"https:\/\/apelstemarie.com\/wp-content\/uploads\/2026\/04\/image-4.png\" alt=\"\" class=\"wp-image-1044\" srcset=\"https:\/\/apelstemarie.com\/wp-content\/uploads\/2026\/04\/image-4.png 1022w, https:\/\/apelstemarie.com\/wp-content\/uploads\/2026\/04\/image-4-300x145.png 300w, https:\/\/apelstemarie.com\/wp-content\/uploads\/2026\/04\/image-4-768x370.png 768w, https:\/\/apelstemarie.com\/wp-content\/uploads\/2026\/04\/image-4-600x289.png 600w\" sizes=\"auto, (max-width: 1022px) 100vw, 1022px\" \/><\/figure>\n\n\n\n<p><\/p>\n\n\n\n<p><strong>*<\/strong> Donn\u00e9es 16 ans 2008 \u00e0 2025. Donn\u00e9es 2009 et 2020 non disponibles.<\/p>\n\n\n\n<p>L\u2019analyse des donn\u00e9es recueillies \u00e0 chacune des stations de surveillance montre que l\u2019eau du lac Ste-Marie se d\u00e9grade de fa\u00e7on importante depuis 2015. Elle permet de situer l&rsquo;\u00e9tat trophique du Lac Sainte-Marie \u00e0 la limite de la zone de transition Oligo-m\u00e9sotrophe et tr\u00e8s pr\u00e8s de la zone M\u00e9sotrophe. Notre lac pr\u00e9sente des signes d&rsquo;eutrophisation.<\/p>\n\n\n\n<p>La principale source de d\u00e9gradation est le rejet des eaux us\u00e9es de la municipalit\u00e9 dans le lac Ste-Marie. En effet, la station A, situ\u00e9e plus pr\u00e8s de la sortie des eaux us\u00e9es, pr\u00e9sente d&rsquo;ann\u00e9e en ann\u00e9e des r\u00e9sultats plus n\u00e9gatifs que la station B.&nbsp; \u00c9galement les r\u00e9sultats d\u2019analyse sont pires pour le lac Ste-Marie lorsque compar\u00e9s aux deux principaux lacs en amont, soit les lacs St-Joseph et D\u00e9patie.<\/p>\n\n\n\n<p>Afin de ralentir ce processus, le MELCCFP recommande l&rsquo;adoption de mesures pour limiter les apports de mati\u00e8res nutritives issues des activit\u00e9s humaines. Cela permettra de pr\u00e9server l&rsquo;\u00e9tat du lac et ses usages.<\/p>\n\n\n\n<p>En tant que propri\u00e9taire riverain au lac Ste-Marie, nous pouvons aider \u00e0 pr\u00e9server l\u2019\u00e9tat de notre lac et ses usages de la fa\u00e7on suivante&nbsp;:<\/p>\n\n\n\n<ol class=\"wp-block-list\">\n<li>Respecter le r\u00e8glement de la municipalit\u00e9 sur le traitement et l&rsquo;\u00e9valuation des eaux us\u00e9es des r\u00e9sidences isol\u00e9es (<a href=\"https:\/\/stadolphedhoward.qc.ca\/files\/fichiers\/2021\/Environnement\/2020_Installation-septique-vfn.pdf\" target=\"_blank\" rel=\"noreferrer noopener\">voir brochure \u2013 Installation septique<\/a>)<\/li>\n\n\n\n<li>Respecter la r\u00e8glementation reli\u00e9e \u00e0 la bande riveraine (<a href=\"https:\/\/www.stadolphedhoward.qc.ca\/files\/fichiers\/2015\/01\/2019_Bande-Riveraine-vfn.pdf\" target=\"_blank\" rel=\"noreferrer noopener\">voir brochure<\/a>)<\/li>\n\n\n\n<li>Respecter la r\u00e8glementation reli\u00e9e aux engrais et pesticides (<a href=\"https:\/\/www.stadolphedhoward.qc.ca\/files\/fichiers\/2015\/01\/2019_Pesticides-vfn.pdf\" target=\"_blank\" rel=\"noreferrer noopener\">voir brochure<\/a>)<\/li>\n\n\n\n<li>Respecter la r\u00e8glementation reli\u00e9e aux acc\u00e8s aux lacs (<a href=\"https:\/\/stadolphedhoward.qc.ca\/files\/fichiers\/2021\/R%C3%A8glements\/REG889_berges_plans_eau_lacs.pdf\" target=\"_blank\" rel=\"noreferrer noopener\">voir r\u00e8glement 889<\/a>) et \u00e0 la vignette annuelle obligatoire (<a href=\"https:\/\/stadolphedhoward.qc.ca\/files\/fichiers\/2021\/D%C3%A9pliant%20nautique%202021.pdf\" target=\"_blank\" rel=\"noreferrer noopener\">voir d\u00e9pliant nautique<\/a>) ainsi que le code d\u2019\u00e9thique \u00ab&nbsp;Surveille ta vague!&nbsp;\u00bb reli\u00e9 \u00e0 l\u2019activit\u00e9 nautique (<a href=\"https:\/\/stadolphedhoward.qc.ca\/files\/fichiers\/2021\/Encart%20au%20d%C3%A9pliant%20nautique%202021.pdf\" target=\"_blank\" rel=\"noreferrer noopener\">voir encart au d\u00e9pliant nautique<\/a>).<\/li>\n<\/ol>\n\n\n\n<p>La municipalit\u00e9 peut aussi aider \u00e0 pr\u00e9server la sant\u00e9 du lac de la fa\u00e7on suivante&nbsp;:<\/p>\n\n\n\n<ol class=\"wp-block-list\">\n<li>Rendre conforme aux normes les deux Ouvrages Municipaux d\u2019Assainissement des Eaux Us\u00e9es (OMAEU)<\/li>\n\n\n\n<li>Faire respecter la r\u00e8glementation existante (voir les 4 points ci-dessus)<\/li>\n\n\n\n<li>Corriger les foyers d\u2019\u00e9rosion identifi\u00e9s prioritaires. Parmi les 59 sites identifi\u00e9s comme foyer d\u2019\u00e9rosion probl\u00e9matique au lac Ste-Marie (voir <a href=\"https:\/\/apelstemarie.com\/wp-content\/uploads\/2022\/03\/Identification-des-foyers-erosion-au-lac-Ste-Marie.pdf\" target=\"_blank\" rel=\"noreferrer noopener\">Suivi de l\u2019\u00e9rosion des chemins et des rives<\/a>), 9 sites avaient \u00e9t\u00e9 identifi\u00e9es prioritaires en 2018 au lac Ste-Marie (voir <a href=\"https:\/\/apelstemarie.com\/wp-content\/uploads\/2022\/04\/Priorites-foyers-erosion-lac-ste-marie.pdf\" target=\"_blank\" rel=\"noreferrer noopener\">Sites prioritaires en rouge<\/a>). Par ailleurs, \u00e0 titre d\u2019information, 7 sites avaient \u00e9t\u00e9 identifi\u00e9s prioritaires en 2019 au lac St-Joseph (voir <a href=\"https:\/\/crelaurentides.org\/old\/images\/images_site\/documents\/atlas\/Autres\/Erosion-SADF%202019.pdf\" target=\"_blank\" rel=\"noreferrer noopener\">Foyers d\u2019\u00e9rosion \u2013 Lac St-Joseph<\/a>). Un suivi d\u2019avancement est n\u00e9cessaire afin d\u2019avoir un statut en date d\u2019aujourd\u2019hui.<\/li>\n<\/ol>\n","protected":false},"excerpt":{"rendered":"<p>Un lac en sant\u00e9 prot\u00e8ge la valeur de nos propri\u00e9t\u00e9s L\u2019APEL Ste-Marie recueille aux mois de juin, juillet et ao\u00fbt (3 fois\/an) 2 \u00e9chantillons d\u2019eau, une \u00e0 la hauteur de la fosse du Lac Ste-Marie, secteur Ouest (station 339A) et une \u00e0 la hauteur de la fosse du Lac Ste-Marie, secteur Est (station 339B) (voir<\/p>\n","protected":false},"author":1,"featured_media":0,"parent":0,"menu_order":0,"comment_status":"closed","ping_status":"closed","template":"","meta":{"footnotes":""},"class_list":["post-34","page","type-page","status-publish","hentry"],"_links":{"self":[{"href":"https:\/\/apelstemarie.com\/index.php\/wp-json\/wp\/v2\/pages\/34","targetHints":{"allow":["GET"]}}],"collection":[{"href":"https:\/\/apelstemarie.com\/index.php\/wp-json\/wp\/v2\/pages"}],"about":[{"href":"https:\/\/apelstemarie.com\/index.php\/wp-json\/wp\/v2\/types\/page"}],"author":[{"embeddable":true,"href":"https:\/\/apelstemarie.com\/index.php\/wp-json\/wp\/v2\/users\/1"}],"replies":[{"embeddable":true,"href":"https:\/\/apelstemarie.com\/index.php\/wp-json\/wp\/v2\/comments?post=34"}],"version-history":[{"count":71,"href":"https:\/\/apelstemarie.com\/index.php\/wp-json\/wp\/v2\/pages\/34\/revisions"}],"predecessor-version":[{"id":1045,"href":"https:\/\/apelstemarie.com\/index.php\/wp-json\/wp\/v2\/pages\/34\/revisions\/1045"}],"wp:attachment":[{"href":"https:\/\/apelstemarie.com\/index.php\/wp-json\/wp\/v2\/media?parent=34"}],"curies":[{"name":"wp","href":"https:\/\/api.w.org\/{rel}","templated":true}]}}