{"id":331,"date":"2019-04-01T16:34:21","date_gmt":"2019-04-01T15:34:21","guid":{"rendered":"http:\/\/apelstemarie.com\/boutique\/"},"modified":"2025-07-26T09:05:03","modified_gmt":"2025-07-26T14:05:03","slug":"consultation","status":"publish","type":"page","link":"https:\/\/apelstemarie.com\/index.php\/consultation\/","title":{"rendered":"Consultation publique"},"content":{"rendered":"\n<h2 class=\"wp-block-heading\"><strong>Consultation<\/strong> publique<\/h2>\n\n\n\n<p>L\u2019APEL Ste-Marie a \u00e0 c\u0153ur la protection du lac, son utilisation p\u00e9renne et la pr\u00e9vention des conflits d\u2019usage.<\/p>\n\n\n\n<p>La morphologie du lac Ste-Marie (peu large, peu profond et form\u00e9 de nombreuses baies) rend peu propice certaines activit\u00e9s de navigation des embarcations qui g\u00e9n\u00e8rent de fortes vagues ou qui mettent en cause la s\u00e9curit\u00e9.<\/p>\n\n\n\n<p>Dans ce contexte, notre association participe actuellement \u00e0 une \u00ab Table de consultation \u00bb, parrain\u00e9e par la municipalit\u00e9, qui a identifi\u00e9 et implant\u00e9, depuis la saison 2021, des solutions alternatives afin d\u2019amenuiser les impacts de la navigation sur l\u2019environnement, am\u00e9liorer la s\u00e9curit\u00e9 sur les lacs Ste-Marie et St-Joseph et favoriser l\u2019int\u00e9r\u00eat public. La municipalit\u00e9 est accompagn\u00e9e dans cette d\u00e9marche par Transport Canada \u2013 Bureau de la S\u00e9curit\u00e9 nautique.<\/p>\n\n\n\n<p>Pour plus d\u2019informations \u00e0 ce sujet, nous vous invitons \u00e0 prendre connaissance des \u00e9tudes ci-dessous que nous consid\u00e9rons les plus importantes par ordre :<\/p>\n\n\n\n<ol style=\"list-style-type:1\" class=\"wp-block-list\">\n<li><a href=\"https:\/\/apelstemarie.com\/wp-content\/uploads\/2023\/03\/Rapport-Vagues-Wakeboard-Juin-2014-UQAM.pdf\" target=\"_blank\" rel=\"noreferrer noopener\">Projet d\u2019\u00e9valuation de l\u2019impact des vagues cr\u00e9\u00e9es par les bateaux de type wakeboat sur la rive des lacs Memphr\u00e9magog et Lovering<\/a>, Sara Mercier-Blais et Yves Prairie, <strong>UQAM<\/strong>, Juin <strong>2014<\/strong> (<a href=\"https:\/\/apelstemarie.com\/wp-content\/uploads\/2021\/02\/Projet-d\u2019\u00e9valuation-de-l\u2019impact-des-vagues-UQAM-2014-Sommaire-ex\u00e9cutif.pdf\" target=\"_blank\" rel=\"noreferrer noopener\">Sommaire ex\u00e9cutif &#8211; cliquer pour voir<\/a> )<\/li>\n\n\n\n<li><a href=\"https:\/\/apelstemarie.com\/wp-content\/uploads\/2020\/12\/Impact-de-la-navigation-en-milieu-lacustre-Lac-Masson-et-Lac-des-Sables-2015-4.pdf\" target=\"_blank\" rel=\"noreferrer noopener\">Impact de la navigation en milieu lacustre \u2013 \u00c9tude sur la remise en suspension des s\u00e9diments : Cas du Lac-Masson et du Lac des Sables<\/a>, S\u00e9bastien Raymond et Rosa Galvez-Cloutier, <strong>Universit\u00e9 Laval<\/strong>, 25 novembre <strong>2015<\/strong> (<a href=\"https:\/\/apelstemarie.com\/wp-content\/uploads\/2021\/02\/\u00c9tude-sur-la-remise-en-suspension-des-s\u00e9diments-Universit\u00e9-Laval-2015-Sommaire-ex\u00e9cutif.pdf\" target=\"_blank\" rel=\"noreferrer noopener\">Sommaire ex\u00e9cutif &#8211; cliquer pour voir<\/a>)<\/li>\n\n\n\n<li><a href=\"https:\/\/apelstemarie.com\/wp-content\/uploads\/2023\/03\/Rapport_Lac-Noir_Revisions_2018.pdf\" target=\"_blank\" rel=\"noreferrer noopener\">\u00c9tude environnementale sur la qualit\u00e9 des s\u00e9diments du Lac Noir et les impacts de la navigation de bateaux \u00e0 moteur<\/a>, S\u00e9bastien Raymond Ph.D et Rosa Galvez Ph.D, Ing., <strong>Universit\u00e9 Laval<\/strong>, Janvier 2017 (<a href=\"https:\/\/apelstemarie.com\/wp-content\/uploads\/2023\/03\/Etude-environnementale-sur-les-impacts-de-la-navigation-des-bateaux-a-moteur-Universite-Laval-2017-Sommaire-executif.pdf\" target=\"_blank\" rel=\"noreferrer noopener\">Sommaire ex\u00e9cutif &#8211; cliquer pour voir<\/a>)<\/li>\n\n\n\n<li><a href=\"https:\/\/apelstemarie.com\/wp-content\/uploads\/2020\/12\/%C3%89tude-sur-la-remise-en-suspension-des-s%C3%A9diments-par-les-Wakeboats-2015-5.pdf\" target=\"_blank\" rel=\"noreferrer noopener\">\u00c9tude de la remise en suspension des s\u00e9diments de fonds par les Wakeboats<\/a>, S\u00e9bastien Raymond, Universit\u00e9 Laval, 2 octobre 2015<\/li>\n\n\n\n<li><a href=\"https:\/\/apelstemarie.com\/wp-content\/uploads\/2020\/12\/Impacts-environnementaux-des-embarcations-motoris\u00e9es-sur-le-lac-Massawippi-2009-2.pdf\" target=\"_blank\" rel=\"noreferrer noopener\">Impacts environnementaux des embarcations motoris\u00e9es et des sports nautiques sur le lac Massawippi<\/a>, Universit\u00e9 de Sherbrooke et Envireau, experts conseillers en environnement, 20 avril 2009<\/li>\n\n\n\n<li><a href=\"https:\/\/apelstemarie.com\/wp-content\/uploads\/2020\/12\/Relev\u00e9-de-l\u00e9rosion-des-berges-des-lacs-Masson-du-Nord-et-Dupuis-2013-3.pdf\" target=\"_blank\" rel=\"noreferrer noopener\">Relev\u00e9 de l\u2019\u00e9rosion des berges des lacs Masson, du Nord et Dupuis dans le but d\u2019en discriminer l\u2019origine<\/a>, Groupe H\u00e9misph\u00e8res, 12 septembre 2013<\/li>\n\n\n\n<li><a href=\"https:\/\/apelstemarie.com\/wp-content\/uploads\/2020\/12\/\u00c9tude-des-contextes-environnementaux-et-juridiques-sur-le-lac-Tremblant-2014-6.pdf\" target=\"_blank\" rel=\"noreferrer noopener\">\u00c9tude des contextes environnementaux et juridiques concernant la navigation des bateaux \u00e0 fort sillage sur les plans d\u2019eau en g\u00e9n\u00e9ral et sur le lac Tremblant en particulier<\/a>, Pierrette Duperron, Services administratifs PLD Inc, Octobre 2014<\/li>\n\n\n\n<li><a href=\"https:\/\/apelstemarie.com\/wp-content\/uploads\/2020\/12\/Projet-de-caract\u00e9risation-des-rives-du-Lac-Tremblant-2016-7.pdf\" target=\"_blank\" rel=\"noreferrer noopener\">Projet de caract\u00e9risation des rives du Lac Tremblant, Rapport d\u2019\u00e9chantillonnage \u2013 \u00c9t\u00e9 2015<\/a>, Sara Mercier-Blais, biologiste, Juillet 2016<\/li>\n\n\n\n<li><a href=\"https:\/\/apelstemarie.com\/wp-content\/uploads\/2020\/12\/Le-Lac-\u00c9meraude-Un-joyau-\u00e0-pr\u00e9server-2013-8.pdf\" target=\"_blank\" rel=\"noreferrer noopener\">Le Lac \u00c9meraude, un joyau \u00e0 pr\u00e9server<\/a>, Comit\u00e9 environnement de l\u2019Association des r\u00e9sidents du lac \u00c9meraude, 13 septembre 2013<\/li>\n\n\n\n<li><a href=\"https:\/\/apelstemarie.com\/wp-content\/uploads\/2020\/12\/Impacts-environnementaux-et-sociaux-au-lac-des-Piles-2019-9.pdf\" target=\"_blank\" rel=\"noreferrer noopener\">Impacts environnementaux et sociaux li\u00e9s aux activit\u00e9s nautiques motoris\u00e9es au lac des Piles<\/a>, \u00c9velyne Giroux, g\u00e9ographe, 2 mai 2019<\/li>\n\n\n\n<li><a href=\"https:\/\/apelstemarie.com\/wp-content\/uploads\/2020\/12\/Encadrer-la-navigation-motorise\u0301e-sur-le-lac-Taureau-2015-10.pdf\" target=\"_blank\" rel=\"noreferrer noopener\">Encadrer la navigation motoris\u00e9e pour pr\u00e9server la qualit\u00e9 de vie sur le Lac Taureau<\/a>, Association pour la protection du Lac Taureau, 25 juillet 2015<\/li>\n\n\n\n<li><a href=\"https:\/\/apelstemarie.com\/wp-content\/uploads\/2020\/12\/Politique-des-usages-des-lacs-de-Nominingue-2013-11.pdf\" target=\"_blank\" rel=\"noreferrer noopener\">Politique des usages des lacs de Nominingue<\/a>, Conseil r\u00e9gional de l\u2019environnement des Laurentides (CRE Laurentides), D\u00e9cembre 2013<\/li>\n\n\n\n<li><a href=\"https:\/\/apelstemarie.com\/wp-content\/uploads\/2020\/12\/La-sant\u00e9-de-nos-lacs-une-responsabilit\u00e9-collective-2016-12.pdf\" target=\"_blank\" rel=\"noreferrer noopener\">La sant\u00e9 de nos lacs : une responsabilit\u00e9 collective!<\/a>, Catherine Baltazar, OBV RPNS, 4 juin 2016<\/li>\n\n\n\n<li>Site Web Nautisme Qu\u00e9bec&nbsp;: <a href=\"https:\/\/nautismequebec.com\/outils-et-initiatives\/suivez-la-vague\/\" target=\"_blank\" rel=\"noreferrer noopener\">https:\/\/nautismequebec.com\/outils-et-initiatives\/suivez-la-vague\/<\/a><\/li>\n<\/ol>\n\n\n\n<p><strong>Lac Ste-Marie<\/strong><\/p>\n\n\n\n<ol class=\"wp-block-list\">\n<li><a href=\"https:\/\/apelstemarie.com\/wp-content\/uploads\/2020\/12\/Capacit%C3%A9-portante-du-lac-Ste-Marie-2020-15.pdf\" target=\"_blank\" rel=\"noreferrer noopener\">Capacit\u00e9 portante du lac Ste-Marie<\/a>, APEL Lac Ste-Marie, \u00c9t\u00e9 2018 &#8211; r\u00e9vis\u00e9 \u00c9t\u00e9 2020 (<a href=\"https:\/\/apelstemarie.com\/wp-content\/uploads\/2021\/02\/Capacit\u00e9-portante-2020-Sommaire-ex\u00e9cutif.pdf\" target=\"_blank\" rel=\"noreferrer noopener\">Sommaire ex\u00e9cutif &#8211; cliquer pour voir<\/a>)<\/li>\n\n\n\n<li><a href=\"https:\/\/apelstemarie.com\/wp-content\/uploads\/2020\/12\/Identification-des-foyers-d\u00e9rosion-au-lac-Ste-Marie-2017-14.pdf\" target=\"_blank\" rel=\"noreferrer noopener\">Identification des foyers d\u2019\u00e9rosion des chemins, suivi de l\u2019\u00e9rosion des rives et sensibilisation aux plantes aquatiques, au lac Ste-Marie, Saint Adolphe d\u2019Howard<\/a>, Myl\u00e8ne Richer-Bond, biologiste, Bio Environnement, Novembre 2017<\/li>\n\n\n\n<li><a href=\"https:\/\/apelstemarie.com\/wp-content\/uploads\/2020\/12\/R\u00e9sum\u00e9-Inventaire-des-plantes-aquatiques-quais-et-embarcations-au-Lac-Ste-Marie-2016-16.pdf\" target=\"_blank\" rel=\"noreferrer noopener\">R\u00e9sum\u00e9 \u2013 Inventaire des plantes aquatiques, des quais et des embarcations &amp; Caract\u00e9risation du p\u00e9riphyton, de l\u2019\u00e9rosion, des rives et de l\u2019\u00e9tat de sant\u00e9 au lac Ste-Marie, Saint-Adolphe d\u2019Howard<\/a>, Myl\u00e8ne Richer-Bond, biologiste, Bio Environnement, 7 octobre 2015 \u2013 r\u00e9vision 21 mars 2016<\/li>\n\n\n\n<li><a href=\"https:\/\/apelstemarie.com\/wp-content\/uploads\/2020\/12\/Inventaire-des-plantes-aquatiques-quais-et-embarcations-au-Lac-Ste-Marie-2016-17.pdf\" target=\"_blank\" rel=\"noreferrer noopener\">Inventaire des plantes aquatiques, des quais et des embarcations &amp; Caract\u00e9risation du p\u00e9riphyton, de l\u2019\u00e9rosion, des rives et de l\u2019\u00e9tat de sant\u00e9 au lac Ste-Marie, Saint-Adolphe d\u2019Howard<\/a>, Myl\u00e8ne Richer-Bond, biologiste, Bio Environnement, 17 mars 2016<\/li>\n<\/ol>\n","protected":false},"excerpt":{"rendered":"<p>Consultation publique L\u2019APEL Ste-Marie a \u00e0 c\u0153ur la protection du lac, son utilisation p\u00e9renne et la pr\u00e9vention des conflits d\u2019usage. La morphologie du lac Ste-Marie (peu large, peu profond et form\u00e9 de nombreuses baies) rend peu propice certaines activit\u00e9s de navigation des embarcations qui g\u00e9n\u00e8rent de fortes vagues ou qui mettent en cause la s\u00e9curit\u00e9.<\/p>\n","protected":false},"author":1,"featured_media":0,"parent":0,"menu_order":0,"comment_status":"closed","ping_status":"closed","template":"","meta":{"footnotes":""},"class_list":["post-331","page","type-page","status-publish","hentry"],"_links":{"self":[{"href":"https:\/\/apelstemarie.com\/index.php\/wp-json\/wp\/v2\/pages\/331","targetHints":{"allow":["GET"]}}],"collection":[{"href":"https:\/\/apelstemarie.com\/index.php\/wp-json\/wp\/v2\/pages"}],"about":[{"href":"https:\/\/apelstemarie.com\/index.php\/wp-json\/wp\/v2\/types\/page"}],"author":[{"embeddable":true,"href":"https:\/\/apelstemarie.com\/index.php\/wp-json\/wp\/v2\/users\/1"}],"replies":[{"embeddable":true,"href":"https:\/\/apelstemarie.com\/index.php\/wp-json\/wp\/v2\/comments?post=331"}],"version-history":[{"count":38,"href":"https:\/\/apelstemarie.com\/index.php\/wp-json\/wp\/v2\/pages\/331\/revisions"}],"predecessor-version":[{"id":1016,"href":"https:\/\/apelstemarie.com\/index.php\/wp-json\/wp\/v2\/pages\/331\/revisions\/1016"}],"wp:attachment":[{"href":"https:\/\/apelstemarie.com\/index.php\/wp-json\/wp\/v2\/media?parent=331"}],"curies":[{"name":"wp","href":"https:\/\/api.w.org\/{rel}","templated":true}]}}