{"id":24,"date":"2016-03-16T19:23:12","date_gmt":"2016-03-16T18:23:12","guid":{"rendered":"http:\/\/apelstemarie.com\/?page_id=24"},"modified":"2025-12-09T10:56:07","modified_gmt":"2025-12-09T15:56:07","slug":"liens","status":"publish","type":"page","link":"https:\/\/apelstemarie.com\/index.php\/liens\/","title":{"rendered":"Liens &#8211; \u00c9tudes scientifiques &#8211; Vid\u00e9os"},"content":{"rendered":"<div class=\"entry\">\n<h2 class=\"title\" align=\"center\">Liens<\/h2>\n<div class=\"entry\">\n<ul>\n<li><a href=\"http:\/\/www.stadolphedhoward.qc.ca\/services-aux-citoyens\/environnement\/lacs-cours-deau-milieux-humides-faune-et-flore\" target=\"_blank\" rel=\"noopener noreferrer\">St-Adolphe d&rsquo;Howard &#8211; Lacs, cours d\u2019eau, milieux humides, faune et flore<\/a><\/li>\n<li><a href=\"http:\/\/www.saint-adolphe.org\/guides\/environnement.html\" target=\"_blank\" rel=\"noopener\">Association des sports nautiques des lacs St-Joseph et Ste-Marie &#8211; Protection de l&rsquo;environnement<\/a><\/li>\n<li><a href=\"http:\/\/www.lapresse.ca\/environnement\/201408\/02\/01-4788761-wakeboats-la-vague-qui-cree-des-remous.php\" target=\"_blank\" rel=\"noopener noreferrer\">Wakeboats: la vague qui cr\u00e9e des remous<\/a><\/li>\n<\/ul>\n<p><strong>Cartes bathym\u00e9triques du lac Ste-Marie<\/strong><\/p>\n<p><a href=\"https:\/\/crelaurentides.org\/wp-content\/uploads\/2025\/03\/SainteMarieEst_bathy.jpg\" target=\"_blank\" rel=\"noopener\">Lac Ste-Marie &#8211; Secteur Est<\/a><\/p>\n<p><a href=\"https:\/\/crelaurentides.org\/wp-content\/uploads\/2022\/11\/SainteMarieOuest_bathy.jpg\" target=\"_blank\" rel=\"noopener\">Lac Ste-Marie &#8211; Secteur Ouest<\/a><\/p>\n<h2 class=\"title\" align=\"center\">\u00c9tudes scientifiques<\/h2>\n<p><strong>Lacs en danger<\/strong><\/p>\n<div class=\"subtitle\">\n<p>Activit\u00e9s humaines et changements climatiques menacent nos plans d\u2019eau.<\/p>\n<\/div>\n<p>Radio-Canada<br \/>\n<a href=\"https:\/\/share.google\/pWXOhGS4nRLJo8fV2\" target=\"_blank\" rel=\"noopener\">https:\/\/share.google\/pWXOhGS4nRLJo8fV2<\/a><\/p>\n<\/div>\n<\/div>\n<h2 class=\"title\" align=\"center\">Vid\u00e9os<\/h2>\n<div class=\"entry\">\n<div class=\"entry\">\n<p><strong>Vid\u00e9os Wakeboard et les cons\u00e9quences<\/strong><\/p>\n<p>L&rsquo;Eau Entre Nos Mains (Documentaire sur le Lac Sept-\u00celes)<\/p>\n<p><a href=\"https:\/\/www.bing.com\/videos\/search?q=video+lac+sept+iles&amp;&amp;view=detail&amp;mid=F7973ADC2907BD3E562FF7973ADC2907BD3E562F&amp;FORM=VAMGZC\" target=\"_blank\" rel=\"noopener\">L\u2019eau Entre Nos Mains<\/a><\/p>\n<p>La face cach\u00e9e des <strong>Bateau de wakeboard<\/strong> qui menace nos lacs<\/p>\n<p><a href=\"https:\/\/www.youtube.com\/watch?v=DPhdLGrWX0Y\" target=\"_blank\" rel=\"noopener\">Lakes at Stake &#8211; The Hidden Threat of Wakeboat Propwash<\/a><\/p>\n<p>60 m\u00e8tres ce n\u2019est pas responsable \u2014Wakesurfing&rsquo;s Big Lie<\/p>\n<p><a href=\"https:\/\/www.bing.com\/videos\/search?q=video%20wake%20surf%20impact&amp;view=detail&amp;mid=87AE9DDE00FE637BD42C87AE9DDE00FE637BD42C&amp;ajaxhist=0\" target=\"_blank\" rel=\"noopener\">Bateau de wakeboard mensonges<\/a><\/p>\n<p><strong>Bateau de wakeboard<\/strong> une \u00e9tude FOX6 News Milwaukee<\/p>\n<p><a href=\"https:\/\/www.bing.com\/videos\/search?q=video%20wake%20surf%20impact&amp;view=detail&amp;mid=6B7329622E09E804DA036B7329622E09E804DA03&amp;ajaxhist=0\" target=\"_blank\" rel=\"noopener\">Wakeboard une \u00e9tude FOX6 Videos<\/a><\/p>\n<p>Cam\u00e9ra sous l\u2019eau r\u00e9v\u00e8le les dommages cr\u00e9er par le Wakeboard &#8211; Underwater cameras reveal wakesurfing impacts on lakes<\/p>\n<p><a href=\"https:\/\/www.bing.com\/videos\/search?q=video+wake+surf+impact&amp;view=detail&amp;mid=9DA3E668882BE7A0C7559DA3E668882BE7A0C755&amp;FORM=VIRE\" target=\"_blank\" rel=\"noopener\">Underwater cameras reveal wakesurfing impact on lakes<\/a><\/p>\n<p>&nbsp;<\/p>\n<\/div>\n<\/div>\n","protected":false},"excerpt":{"rendered":"<p>Liens St-Adolphe d&rsquo;Howard &#8211; Lacs, cours d\u2019eau, milieux humides, faune et flore Association des sports nautiques des lacs St-Joseph et Ste-Marie &#8211; Protection de l&rsquo;environnement Wakeboats: la vague qui cr\u00e9e des remous Cartes bathym\u00e9triques du lac Ste-Marie Lac Ste-Marie &#8211; Secteur Est Lac Ste-Marie &#8211; Secteur Ouest \u00c9tudes scientifiques Lacs en danger Activit\u00e9s humaines et<\/p>\n","protected":false},"author":1,"featured_media":0,"parent":0,"menu_order":0,"comment_status":"closed","ping_status":"closed","template":"","meta":{"footnotes":""},"class_list":["post-24","page","type-page","status-publish","hentry"],"_links":{"self":[{"href":"https:\/\/apelstemarie.com\/index.php\/wp-json\/wp\/v2\/pages\/24","targetHints":{"allow":["GET"]}}],"collection":[{"href":"https:\/\/apelstemarie.com\/index.php\/wp-json\/wp\/v2\/pages"}],"about":[{"href":"https:\/\/apelstemarie.com\/index.php\/wp-json\/wp\/v2\/types\/page"}],"author":[{"embeddable":true,"href":"https:\/\/apelstemarie.com\/index.php\/wp-json\/wp\/v2\/users\/1"}],"replies":[{"embeddable":true,"href":"https:\/\/apelstemarie.com\/index.php\/wp-json\/wp\/v2\/comments?post=24"}],"version-history":[{"count":29,"href":"https:\/\/apelstemarie.com\/index.php\/wp-json\/wp\/v2\/pages\/24\/revisions"}],"predecessor-version":[{"id":1031,"href":"https:\/\/apelstemarie.com\/index.php\/wp-json\/wp\/v2\/pages\/24\/revisions\/1031"}],"wp:attachment":[{"href":"https:\/\/apelstemarie.com\/index.php\/wp-json\/wp\/v2\/media?parent=24"}],"curies":[{"name":"wp","href":"https:\/\/api.w.org\/{rel}","templated":true}]}}