{"id":22,"date":"2016-03-16T19:22:26","date_gmt":"2016-03-16T18:22:26","guid":{"rendered":"http:\/\/apelstemarie.com\/?page_id=22"},"modified":"2021-02-24T20:40:34","modified_gmt":"2021-02-24T19:40:34","slug":"contact","status":"publish","type":"page","link":"https:\/\/apelstemarie.com\/index.php\/contact\/","title":{"rendered":"Contact"},"content":{"rendered":"<p>Sylvain Forget (Secr\u00e9taire)<\/p>\n<p>C.P. 356<br \/>St-Adolphe-d&rsquo;Howard, Qu\u00e9bec<br \/>J0T 2B0<\/p>\n<p>Pour tout commentaire, \u00e9crivez-nous<\/p>\n<p><a href=\"mailto:info@apelstemarie.com\">info@apelstemarie.com<\/a><\/p>\n\n\n<p><\/p>\n","protected":false},"excerpt":{"rendered":"<p>Sylvain Forget (Secr\u00e9taire) C.P. 356St-Adolphe-d&rsquo;Howard, Qu\u00e9becJ0T 2B0 Pour tout commentaire, \u00e9crivez-nous info@apelstemarie.com<\/p>\n","protected":false},"author":1,"featured_media":0,"parent":0,"menu_order":0,"comment_status":"closed","ping_status":"closed","template":"","meta":{"footnotes":""},"class_list":["post-22","page","type-page","status-publish","hentry"],"_links":{"self":[{"href":"https:\/\/apelstemarie.com\/index.php\/wp-json\/wp\/v2\/pages\/22","targetHints":{"allow":["GET"]}}],"collection":[{"href":"https:\/\/apelstemarie.com\/index.php\/wp-json\/wp\/v2\/pages"}],"about":[{"href":"https:\/\/apelstemarie.com\/index.php\/wp-json\/wp\/v2\/types\/page"}],"author":[{"embeddable":true,"href":"https:\/\/apelstemarie.com\/index.php\/wp-json\/wp\/v2\/users\/1"}],"replies":[{"embeddable":true,"href":"https:\/\/apelstemarie.com\/index.php\/wp-json\/wp\/v2\/comments?post=22"}],"version-history":[{"count":6,"href":"https:\/\/apelstemarie.com\/index.php\/wp-json\/wp\/v2\/pages\/22\/revisions"}],"predecessor-version":[{"id":588,"href":"https:\/\/apelstemarie.com\/index.php\/wp-json\/wp\/v2\/pages\/22\/revisions\/588"}],"wp:attachment":[{"href":"https:\/\/apelstemarie.com\/index.php\/wp-json\/wp\/v2\/media?parent=22"}],"curies":[{"name":"wp","href":"https:\/\/api.w.org\/{rel}","templated":true}]}}