{"id":14,"date":"2016-03-16T19:08:18","date_gmt":"2016-03-16T18:08:18","guid":{"rendered":"http:\/\/apelstemarie.com\/?page_id=14"},"modified":"2017-12-08T19:11:42","modified_gmt":"2017-12-08T18:11:42","slug":"mission","status":"publish","type":"page","link":"https:\/\/apelstemarie.com\/index.php\/mission\/","title":{"rendered":"Mission"},"content":{"rendered":"<div class=\"entry\">\n<p><b>Notre mission : <\/b>Fond\u00e9e en 1986, l\u2019APEL vise \u00e0 promouvoir l&rsquo;importance de pr\u00e9server un environnement sain, durable et s\u00e9curitaire pour les r\u00e9sidents du lac Ste-Marie et de ses bassins versants tout en s&rsquo;assurant de la protection de nos paysages.<\/p>\n<p><b>Cette mission se traduit par les objectifs suivants:<\/b><\/p>\n<ul>\n<li>Pr\u00e9server la qualit\u00e9 de l&rsquo;eau du lac Ste Marie<\/li>\n<li>Prot\u00e9ger les berges du lac, ses bassins versants et nos paysages en g\u00e9n\u00e9ral<\/li>\n<li>Veiller \u00e0 la qualit\u00e9 de vie de nos citoyens sur notre territoire<\/li>\n<li>Collaborer \u00e0 la mise \u00e0 jour des r\u00e8gles de s\u00e9curit\u00e9 nautique dans le cadre d&rsquo;un partage \u00e9quitable du lac<\/li>\n<li>Regrouper et repr\u00e9senter les propri\u00e9taires du lac et de ses bassins versants aupr\u00e8s d&rsquo;organisations publiques et gouvernementales<\/li>\n<li>\u00c9tudier, d\u00e9velopper, promouvoir et informer les propri\u00e9taires sur les int\u00e9r\u00eats environnementaux<\/li>\n<li>Sauvegarder la valeur de nos investissements immobiliers par la prise de conscience collective de la fragilit\u00e9 du milieu et l&rsquo;importance d&rsquo;adh\u00e9rer aux notions qui pr\u00e9c\u00e8dent<\/li>\n<\/ul>\n<\/div>\n","protected":false},"excerpt":{"rendered":"<p>Notre mission : Fond\u00e9e en 1986, l\u2019APEL vise \u00e0 promouvoir l&rsquo;importance de pr\u00e9server un environnement sain, durable et s\u00e9curitaire pour les r\u00e9sidents du lac Ste-Marie et de ses bassins versants tout en s&rsquo;assurant de la protection de nos paysages. Cette mission se traduit par les objectifs suivants: Pr\u00e9server la qualit\u00e9 de l&rsquo;eau du lac Ste<\/p>\n","protected":false},"author":1,"featured_media":0,"parent":0,"menu_order":0,"comment_status":"closed","ping_status":"closed","template":"","meta":{"footnotes":""},"class_list":["post-14","page","type-page","status-publish","hentry"],"_links":{"self":[{"href":"https:\/\/apelstemarie.com\/index.php\/wp-json\/wp\/v2\/pages\/14","targetHints":{"allow":["GET"]}}],"collection":[{"href":"https:\/\/apelstemarie.com\/index.php\/wp-json\/wp\/v2\/pages"}],"about":[{"href":"https:\/\/apelstemarie.com\/index.php\/wp-json\/wp\/v2\/types\/page"}],"author":[{"embeddable":true,"href":"https:\/\/apelstemarie.com\/index.php\/wp-json\/wp\/v2\/users\/1"}],"replies":[{"embeddable":true,"href":"https:\/\/apelstemarie.com\/index.php\/wp-json\/wp\/v2\/comments?post=14"}],"version-history":[{"count":6,"href":"https:\/\/apelstemarie.com\/index.php\/wp-json\/wp\/v2\/pages\/14\/revisions"}],"predecessor-version":[{"id":227,"href":"https:\/\/apelstemarie.com\/index.php\/wp-json\/wp\/v2\/pages\/14\/revisions\/227"}],"wp:attachment":[{"href":"https:\/\/apelstemarie.com\/index.php\/wp-json\/wp\/v2\/media?parent=14"}],"curies":[{"name":"wp","href":"https:\/\/api.w.org\/{rel}","templated":true}]}}