{"id":12,"date":"2016-03-16T19:07:54","date_gmt":"2016-03-16T18:07:54","guid":{"rendered":"http:\/\/apelstemarie.com\/?page_id=12"},"modified":"2025-07-24T12:18:41","modified_gmt":"2025-07-24T17:18:41","slug":"adhesion","status":"publish","type":"page","link":"https:\/\/apelstemarie.com\/index.php\/adhesion\/","title":{"rendered":"Adh\u00e9sion"},"content":{"rendered":"<h2 class=\"title\" align=\"center\">ADH\u00c9SION<\/h2>\n<p><!--\n\n\n\n\n\n\n\n\n\n\n\n\n\n\n\n\n\n\n\n\n\n\n\n\n\n\n\n\n\n\n\n\n\n\n\n\n\n\n\n\n\n\n\n\n\n\n\n\n\n\n\n\n\n\n\n\n\n\n\n\n\n\n\n\n\n\n\n\n\n\n\n\n\n\n\n\n\n\n\n\n\n\n\n\n\n\n\n\n\n\n\n\n\n\n\n\n\n\n\n\n\n\n\n\n\n\n\n\n\n\n\n\n\n\n\n\n\n\n\n\n\n\n\n\n\n\n\n<form action=\"https:\/\/www.paypal.com\/cgi-bin\/webscr\" method=\"post\" target=\"_top\"><input name=\"cmd\" type=\"hidden\" value=\"_s-xclick\" \/>\n<input name=\"hosted_button_id\" type=\"hidden\" value=\"KBUBJBZK2GG44\" \/>\nFaire un don en ligne<input alt=\"PayPal - la solution de paiement en ligne la plus simple et la plus s\u00e9curis\u00e9e !\" name=\"submit\" src=\"https:\/\/www.paypalobjects.com\/fr_CA\/i\/btn\/btn_donateCC_LG.gif\" type=\"image\" \/>\n<img loading=\"lazy\" decoding=\"async\" src=\"https:\/\/www.paypalobjects.com\/fr_CA\/i\/scr\/pixel.gif\" alt=\"\" width=\"1\" height=\"1\" border=\"0\" \/><\/form>\n\n\n\n\n\n\n\n\n\n\n\n\n\n\n\n\n\n\n\n\n\n\n\n\n\n\n\n\n\n\n\n\n\n\n\n\n\n\n\n\n\n\n\n\n\n\n\n\n\n\n\n\n\n\n\n\n\n\n\n\n\n\n\n\n\n\n\n\n\n\n\n\n\n\n\n\n\n\n\n\n\n\n\n\n\n\n\n\n\n\n\n\n\n\n\n\n\n\n\n\n\n\n\n\n\n\n\n\n\n\n\n\n\n\n\n\n\n\n\n\n\n\n\n\n\n\n\n\/\/--><\/p>\n\n\n<p class=\"has-vivid-cyan-blue-color has-text-color has-medium-font-size\">APEL Ste-Marie&nbsp; &#8211; ADH\u00c9SION 2 ans &#8211; 60,00 $<\/p>\n\n\n\n<p>Vos cotisations sont principalement utilis\u00e9es afin d\u2019effectuer les analyses de la qualit\u00e9 de l\u2019eau et le suivi des Plantes Aquatiques Exotiques Envahissantes (PAEE) \u00e0 chaque ann\u00e9e. <\/p>\n\n\n\n<p>La prochaine campagne d\u2019adh\u00e9sion sera au printemps 2027.<\/p>\n\n\n\n<p>Vous pouvez payer votre adh\u00e9sion par un virement Interac, par carte de cr\u00e9dit ou par ch\u00e8que.<\/p>\n\n\n\n<p class=\"has-vivid-cyan-blue-color has-text-color\" style=\"font-size:28px\"><strong>Nouveau membre<\/strong><\/p>\n\n\n\n<p class=\"has-very-dark-gray-color has-text-color\">Si vous \u00eates un nouveau membre, transmettre \u00e0 <strong><a href=\"mailto:info@apelstemarie.com\">info@apelstemarie.com<\/a><\/strong> les informations suivantes: Nom, Adresse (Num\u00e9ro et Rue, Ville, Province, Code postal) et Adresse (Num\u00e9ro et Rue) \u00e0 St-Adolphe d&rsquo;Howard si elle est diff\u00e9rente de votre adresse principale (Nom de la rue seulement s&rsquo;il s&rsquo;agit d&rsquo;un terrain vacant).<\/p>\n\n\n\n<p style=\"font-size:28px\"><strong><span class=\"has-inline-color has-vivid-cyan-blue-color\">Paiement par un virement Interac<\/span><\/strong><\/p>\n\n\n\n<figure class=\"wp-block-image size-large is-resized\"><img loading=\"lazy\" decoding=\"async\" width=\"249\" height=\"89\" src=\"http:\/\/apelstemarie.com\/wp-content\/uploads\/2020\/02\/Logo-Interac-Virement.png\" alt=\"\" class=\"wp-image-435\" style=\"height:41px\"\/><\/figure>\n\n\n\n<p class=\"has-very-dark-gray-color has-text-color\">Faire un virement Interac \u00e0 <a href=\"mailto:info@apelstemarie.com\"><strong>info@apelstemarie.com<\/strong><\/a><\/p>\n\n\n\n<p class=\"has-vivid-cyan-blue-color has-text-color\" style=\"font-size:28px\"><strong>Paiement par carte de cr\u00e9dit<\/strong><\/p>\n\n\n\n<figure class=\"wp-block-image size-large is-resized\"><a href=\"https:\/\/www.paypal.com\/cgi-bin\/webscr?cmd=_s-xclick&amp;hosted_button_id=FTLT83GDUE6G6\"><img loading=\"lazy\" decoding=\"async\" width=\"293\" height=\"87\" src=\"https:\/\/apelstemarie.com\/wp-content\/uploads\/2020\/02\/Logo-Visa-Mastercard.jpg\" alt=\"\" class=\"wp-image-472\" style=\"width:220px;height:1px\"\/><\/a><\/figure>\n\n\n\n<p>Payer via PayPal et indiquer comme adresse de livraison votre adresse \u00e0 St-Adolphe d&rsquo;Howard, si elle est diff\u00e9rente de votre adresse principale.<\/p>\n\n\n\n<figure class=\"wp-block-image size-large is-resized\"><a href=\"https:\/\/www.paypal.com\/cgi-bin\/webscr?cmd=_s-xclick&amp;hosted_button_id=FTLT83GDUE6G6\"><img loading=\"lazy\" decoding=\"async\" width=\"228\" height=\"44\" src=\"http:\/\/apelstemarie.com\/wp-content\/uploads\/2020\/02\/checkout-logo-large-alt-fr.png\" alt=\"\" class=\"wp-image-418\" style=\"width:399px;height:61px\"\/><\/a><\/figure>\n\n\n\n<p style=\"font-size:28px\"><strong><span class=\"has-inline-color has-vivid-cyan-blue-color\">Paiement par ch\u00e8que<\/span><\/strong><\/p>\n\n\n\n<p class=\"has-vivid-cyan-blue-color has-text-color\" style=\"font-size:28px\"><strong><span class=\"has-inline-color has-vivid-cyan-blue-color\">FICHE D&rsquo;ADH\u00c9SION<\/span><\/strong><\/p>\n\n\n\n<p>T\u00e9l\u00e9charger la fiche ci-dessous, la compl\u00e9ter et la transmettre par courrier avec votre ch\u00e8que \u00e0 l&rsquo;adresse suivante: APEL Ste-Marie, C.P. 356, St-Adolphe d&rsquo;Howard, QC J0T 2B0<\/p>\n\n\n\n<p><\/p>\n\n\n\n<div data-wp-interactive=\"core\/file\" class=\"wp-block-file\"><object data-wp-bind--hidden=\"!state.hasPdfPreview\" hidden class=\"wp-block-file__embed\" data=\"https:\/\/apelstemarie.com\/wp-content\/uploads\/2025\/07\/2025-26-Fiche-adhesion-1.pdf\" type=\"application\/pdf\" style=\"width:100%;height:600px\" aria-label=\"Contenu embarqu\u00e9 2025-26 Fiche-adhesion..\"><\/object><a id=\"wp-block-file--media-c7edd146-d31a-46a5-b8e2-72182e17e06c\" href=\"https:\/\/apelstemarie.com\/wp-content\/uploads\/2025\/07\/2025-26-Fiche-adhesion-1.pdf\">2025-26 Fiche-adhesion.<\/a><a href=\"https:\/\/apelstemarie.com\/wp-content\/uploads\/2025\/07\/2025-26-Fiche-adhesion-1.pdf\" class=\"wp-block-file__button wp-element-button\" download aria-describedby=\"wp-block-file--media-c7edd146-d31a-46a5-b8e2-72182e17e06c\">T\u00e9l\u00e9charger<\/a><\/div>\n","protected":false},"excerpt":{"rendered":"<p>ADH\u00c9SION APEL Ste-Marie&nbsp; &#8211; ADH\u00c9SION 2 ans &#8211; 60,00 $ Vos cotisations sont principalement utilis\u00e9es afin d\u2019effectuer les analyses de la qualit\u00e9 de l\u2019eau et le suivi des Plantes Aquatiques Exotiques Envahissantes (PAEE) \u00e0 chaque ann\u00e9e. La prochaine campagne d\u2019adh\u00e9sion sera au printemps 2027. Vous pouvez payer votre adh\u00e9sion par un virement Interac, par carte<\/p>\n","protected":false},"author":1,"featured_media":0,"parent":0,"menu_order":0,"comment_status":"closed","ping_status":"closed","template":"","meta":{"footnotes":""},"class_list":["post-12","page","type-page","status-publish","hentry"],"_links":{"self":[{"href":"https:\/\/apelstemarie.com\/index.php\/wp-json\/wp\/v2\/pages\/12","targetHints":{"allow":["GET"]}}],"collection":[{"href":"https:\/\/apelstemarie.com\/index.php\/wp-json\/wp\/v2\/pages"}],"about":[{"href":"https:\/\/apelstemarie.com\/index.php\/wp-json\/wp\/v2\/types\/page"}],"author":[{"embeddable":true,"href":"https:\/\/apelstemarie.com\/index.php\/wp-json\/wp\/v2\/users\/1"}],"replies":[{"embeddable":true,"href":"https:\/\/apelstemarie.com\/index.php\/wp-json\/wp\/v2\/comments?post=12"}],"version-history":[{"count":84,"href":"https:\/\/apelstemarie.com\/index.php\/wp-json\/wp\/v2\/pages\/12\/revisions"}],"predecessor-version":[{"id":974,"href":"https:\/\/apelstemarie.com\/index.php\/wp-json\/wp\/v2\/pages\/12\/revisions\/974"}],"wp:attachment":[{"href":"https:\/\/apelstemarie.com\/index.php\/wp-json\/wp\/v2\/media?parent=12"}],"curies":[{"name":"wp","href":"https:\/\/api.w.org\/{rel}","templated":true}]}}