{"id":10,"date":"2016-03-16T19:05:57","date_gmt":"2016-03-16T18:05:57","guid":{"rendered":"http:\/\/apelstemarie.com\/?page_id=10"},"modified":"2025-07-24T12:41:40","modified_gmt":"2025-07-24T17:41:40","slug":"notre-lac","status":"publish","type":"page","link":"https:\/\/apelstemarie.com\/index.php\/notre-lac\/","title":{"rendered":"Notre Lac"},"content":{"rendered":"<p>Le lac Ste-Marie est situ\u00e9 dans le territoire de la municipalit\u00e9 de St-Adolphe d&rsquo;Howard, \u00e0 une latitude de 45 degr\u00e9s 58 minutes nord et une longitude de 74 degr\u00e9s 18 minutes ouest environ.<\/p>\n<p>Sa longueur maximale est d&rsquo;environ 3,4 km en ligne directe \u00e0 vol d&rsquo;oiseau. Sa largeur exc\u00e8de rarement 300 m\u00e8tres \u00e0 cause de la tr\u00e8s grande irr\u00e9gularit\u00e9 de sa forme.<\/p>\n<p>L&rsquo;altitude du lac est d&rsquo;environ 368m au-dessus du niveau de la mer. Notre lac est enclav\u00e9 entre les montagnes dont les hauteurs maximales se situent aux environs de 480m. Il est aliment\u00e9 par une foule de petits ruisseaux affluents et surtout par une petite rivi\u00e8re provenant du lac St-Joseph dont le niveau est l\u00e9g\u00e8rement plus \u00e9lev\u00e9. Il se d\u00e9charge \u00e0 son tour dans le lac Th\u00e9odore par une autre petite rivi\u00e8re.<\/p>\n<p>Le lac Ste-Marie n&rsquo;est certainement pas de forme et de topographie id\u00e9ale pour la navigation motoris\u00e9e car il s&rsquo;agit d&rsquo;un lac tr\u00e8s complexe constitu\u00e9 d&rsquo;une succession de ramifications, de baies ou de bassins communiquant par des \u00e9troitures, avec de nombreux hauts-fonds, des baies partiellement sablonneuses ou mar\u00e9cageuses et des rochers qui affleurent dangereusement \u00e0 plusieurs endroits. On pourrait mieux le d\u00e9crire comme une rivi\u00e8re avec des \u00e9largissements. Sa profondeur maximale varie d&rsquo;une baie \u00e0 l&rsquo;autre de 10 \u00e0 15 m\u00e8tres environ, toutefois 65% de sa superficie est moins de 5 m\u00e8tres de profondeur.<\/p>\n<p>Le lac abrite une faune aviaire compos\u00e9e de h\u00e9rons, de grands pics et de canards, de mammif\u00e8res comme le castor, la loutre et le vison, sans oublier le renard et le chevreuil. Sa faune aquatique se compose de quelques esp\u00e8ces indig\u00e8nes tels le maskinong\u00e9 (ensemenc\u00e9 il y a plusieurs ann\u00e9es), la truite brune, le dor\u00e9.<\/p>\n<p>Les berges encore vierges, quelquefois horizontales, mais souvent assez escarp\u00e9es, sont couvertes d&rsquo;une for\u00eat mixte compos\u00e9e de feuillus comme l&rsquo;\u00e9rable et le bouleau jaune (merisier) et de conif\u00e8res, surtout de sapins, de pins et d&rsquo;\u00e9pinettes.<\/p>\n<p>Malheureusement, notre lac est fragilis\u00e9 par diff\u00e9rents facteurs :<\/p>\n<ul>\n<li>Le d\u00e9veloppement r\u00e9gional : selon les sp\u00e9cialistes, la population devrait \u00eatre multipli\u00e9e par trois d&rsquo;ici une douzaine d&rsquo;ann\u00e9es<\/li>\n<li>Le d\u00e9boisement de ses bassins versants et de ses rives<\/li>\n<li>L&rsquo;\u00e9rosion des berges<\/li>\n<li>Une trop grande densit\u00e9 d&#8217;embarcations motoris\u00e9es &#8211; pr\u00e8s de 700 permis pour embarcations motoris\u00e9es sont \u00e9mis chaque ann\u00e9e<\/li>\n<\/ul>\n<p>La qualit\u00e9 de l&rsquo;eau est ainsi mise en risque, particuli\u00e8rement aux p\u00e9riodes les plus chaudes de l&rsquo;ann\u00e9e.<\/p>\n<p>D&rsquo;o\u00f9 l&rsquo;existence d&rsquo;une association comme la n\u00f4tre pour prot\u00e9ger l&rsquo;environnement du lac Ste-Marie par l&rsquo;information, la concertation et la sensibilisation.<\/p>\n<h3 class=\"title\" align=\"center\">Toponymie<\/h3>\n<div class=\"entry\">\n<p>Au lac Sainte-Marie, d\u2019Ouest en Est\u2026..<\/p>\n<ul>\n<li>1.La Baie carr\u00e9e, premi\u00e8re baie \u00e0 l&rsquo;extr\u00e9mit\u00e9 Ouest du lac Sainte-Marie, versant Sud du lac\u2026ainsi nomm\u00e9e \u00e0 cause de sa forme reproduisant trois des cot\u00e9s et les angles droits d\u2019un quadrilat\u00e8re lorsque vue depuis le sommet de la montagne appel\u00e9e Le Calvaire.<\/li>\n<\/ul>\n<ul>\n<li>2.La Baie des canards\u2026premi\u00e8re baie, versant Nord du lac.<\/li>\n<\/ul>\n<ul>\n<li>3.La Baie du moulin ( \u00a0\u00bb baie des condos\u00a0\u00bb)\u00a0 rappelle la pr\u00e9sence, d\u00e9but du 20i\u00e8me si\u00e8cle, d\u2019un moulin \u00e0 scie situ\u00e9e au fond de cette baie. D\u2019ailleurs des \u00ab slabs \u00bb de troncs d\u2019arbres (rejets de troncs d&rsquo;arbres qui ont \u00e9t\u00e9 \u00e9quarris) sont toujours visibles sous l\u2019eau, \u00e0 quelques m\u00e8tres de la rive. Soit dit en passant, le lieu o\u00f9 sont situ\u00e9s les condos eux-m\u00eames s&rsquo;appelait autrefois \u00a0\u00bb le fort des sauvages\u00a0\u00bb, ceci parce qu&rsquo;on y trouvait encore, au d\u00e9but des ann\u00e9es 60, des palissades de bois, \u00e9rig\u00e9es comme d\u00e9cor\u00a0 lors du tournage du premier film couleur au Canada, par France Film.<\/li>\n<\/ul>\n<ul>\n<li>4. La Baie noire (baie travers\u00e9e par un haut fonds sablonneux o\u00f9 se rassemblent les baigneurs et o\u00f9 se trouve (reposant sur le fond sablonneux, c\u00f4t\u00e9 Est de la baie)\u00a0 un ancien bateau destin\u00e9 au remorquage du bois)\u00a0 tient son nom du fait que la nuit y tombe beaucoup plus rapidement que sur l&rsquo;axe Est-Ouest du lac, ceci \u00e0 cause de la pr\u00e9sence, cot\u00e9 Ouest de la baie, d\u2019un cap rocheux de dimension imposante; on trouve aussi, \u00e0 l\u2019extr\u00e9mit\u00e9 Est de la Baie noire, un passage \u00e9troit permet d&rsquo;acc\u00e9der au \u00a0\u00bb petit lac de la Baie noire\u00a0\u00bb. Face \u00e0 la Baie Noire, c\u00f4t\u00e9 Sud du lac, on trouve la\u00a8 Baie du r\u00e9fectoire\u00a0\u00bb, \u00e9voquant le souvenir de la magnifique salle \u00e0 d\u00eener r\u00e9server aux enfants fr\u00e9quentant le camp Lewis.<\/li>\n<\/ul>\n<ul>\n<li>5. Souvent nomm\u00e9 \u00e0 tort \u00a8pont des scouts\u00a0\u00bb, les vestiges d&rsquo;un pont de bois encore pr\u00e9sents sur le lac rappellent la pr\u00e9sence du Camp Lewis au lac Sainte-Marie. Ce pont permettait aux jeunes de traverser d&rsquo;une rive \u00e0 l&rsquo;autre du lac sans passer par le chenin du Tour du lac, \u00e0 plusieurs kilom\u00e8tres de distance. Un peu \u00e0 l&rsquo;Est du Pont du Camp Lewis subsistent aussi les restes d&rsquo;un autre pont , celui-ci appel\u00e9 autrefois \u00a0\u00bble\u00a0 pont branlant\u00a0\u00bb puisque construit au moyen de c\u00e2bles provenant d\u2019ascenseurs du grand magasin Morgan de Montr\u00e9al. Ce pont \u00e9tait situ\u00e9 tout pr\u00e8s\u00a0 de ce qui \u00e9tait autrefois l&rsquo;un des deux \u00a0\u00bb ch\u00e2teaux Morgan \u00a0\u00bb , le premier situ\u00e9 au bord du lac Sainte-Marie, l\u00e0 o\u00f9 se trouve un terrain de tennis aujourd&rsquo;hui (\u00e0 remarquer : on voit toujours dans l&rsquo;eau les restes d&rsquo;une piscine de bois!) et le second, construit au lac La Cabane.<\/li>\n<\/ul>\n<ul>\n<li>6. \u00ab Les \u00eeles de pierre\u00bb repr\u00e9sentent l\u2019extr\u00e9mit\u00e9 Est du lac, laquelle se distingue par la pr\u00e9sence de nombreuses \u00eeles et \u00eelots habit\u00e9s et non habit\u00e9s.<\/li>\n<li>7. \u00ab Les rapides \u00bb d\u00e9signent le canal reliant le lac Sainte-Marie au lac Th\u00e9odore, ce patronyme datant de l&rsquo;\u00e9poque o\u00f9 a eu lieu l&rsquo;ouverture du canal entre les deux lacs.<\/li>\n<\/ul>\n<\/div>\n","protected":false},"excerpt":{"rendered":"<p>Le lac Ste-Marie est situ\u00e9 dans le territoire de la municipalit\u00e9 de St-Adolphe d&rsquo;Howard, \u00e0 une latitude de 45 degr\u00e9s 58 minutes nord et une longitude de 74 degr\u00e9s 18 minutes ouest environ. Sa longueur maximale est d&rsquo;environ 3,4 km en ligne directe \u00e0 vol d&rsquo;oiseau. Sa largeur exc\u00e8de rarement 300 m\u00e8tres \u00e0 cause de<\/p>\n","protected":false},"author":1,"featured_media":0,"parent":0,"menu_order":0,"comment_status":"closed","ping_status":"closed","template":"","meta":{"footnotes":""},"class_list":["post-10","page","type-page","status-publish","hentry"],"_links":{"self":[{"href":"https:\/\/apelstemarie.com\/index.php\/wp-json\/wp\/v2\/pages\/10","targetHints":{"allow":["GET"]}}],"collection":[{"href":"https:\/\/apelstemarie.com\/index.php\/wp-json\/wp\/v2\/pages"}],"about":[{"href":"https:\/\/apelstemarie.com\/index.php\/wp-json\/wp\/v2\/types\/page"}],"author":[{"embeddable":true,"href":"https:\/\/apelstemarie.com\/index.php\/wp-json\/wp\/v2\/users\/1"}],"replies":[{"embeddable":true,"href":"https:\/\/apelstemarie.com\/index.php\/wp-json\/wp\/v2\/comments?post=10"}],"version-history":[{"count":8,"href":"https:\/\/apelstemarie.com\/index.php\/wp-json\/wp\/v2\/pages\/10\/revisions"}],"predecessor-version":[{"id":976,"href":"https:\/\/apelstemarie.com\/index.php\/wp-json\/wp\/v2\/pages\/10\/revisions\/976"}],"wp:attachment":[{"href":"https:\/\/apelstemarie.com\/index.php\/wp-json\/wp\/v2\/media?parent=10"}],"curies":[{"name":"wp","href":"https:\/\/api.w.org\/{rel}","templated":true}]}}